{"id":11815,"date":"2025-05-27T11:30:09","date_gmt":"2025-05-27T16:30:09","guid":{"rendered":"https:\/\/domanceglamping.com\/?page_id=11815"},"modified":"2026-03-27T14:16:37","modified_gmt":"2026-03-27T19:16:37","slug":"domance-dallas-tx","status":"publish","type":"page","link":"https:\/\/domanceglamping.com\/es\/domance-dallas-tx\/","title":{"rendered":"Domance \u2013 Dallas TX"},"content":{"rendered":"<div data-elementor-type=\"wp-page\" data-elementor-id=\"11815\" class=\"elementor elementor-11815\" data-elementor-post-type=\"page\">\n\t\t\t\t<div class=\"elementor-element elementor-element-7f719c5 e-flex e-con-boxed e-con e-parent\" data-id=\"7f719c5\" data-element_type=\"container\" data-e-type=\"container\">\n\t\t\t\t\t<div class=\"e-con-inner\">\n\t\t\t\t<div class=\"elementor-element elementor-element-7b05fba elementor-absolute elementor-widget elementor-widget-menu-anchor\" data-id=\"7b05fba\" data-element_type=\"widget\" data-e-type=\"widget\" data-settings=\"{&quot;_position&quot;:&quot;absolute&quot;}\" data-widget_type=\"menu-anchor.default\">\n\t\t\t\t<div class=\"elementor-widget-container\">\n\t\t\t\t\t\t\t<div class=\"elementor-menu-anchor\" id=\"availability\"><\/div>\n\t\t\t\t\t\t<\/div>\n\t\t\t\t<\/div>\n\t\t\t\t<div class=\"elementor-element elementor-element-9ab0f5f elementor-widget__width-initial elementor-widget elementor-widget-heading\" data-id=\"9ab0f5f\" data-element_type=\"widget\" data-e-type=\"widget\" data-widget_type=\"heading.default\">\n\t\t\t\t<div class=\"elementor-widget-container\">\n\t\t\t\t\t<h2 class=\"elementor-heading-title elementor-size-default\">Availability Calendar<\/h2>\t\t\t\t<\/div>\n\t\t\t\t<\/div>\n\t\t<div class=\"elementor-element elementor-element-af11d29 e-flex e-con-boxed e-con e-child\" data-id=\"af11d29\" data-element_type=\"container\" data-e-type=\"container\">\n\t\t\t\t\t<div class=\"e-con-inner\">\n\t\t<div class=\"elementor-element elementor-element-31dfe00 e-con-full e-flex e-con e-child\" data-id=\"31dfe00\" data-element_type=\"container\" data-e-type=\"container\">\n\t\t\t\t<div class=\"elementor-element elementor-element-90ce281 elementor-widget elementor-widget-heading\" data-id=\"90ce281\" data-element_type=\"widget\" data-e-type=\"widget\" data-widget_type=\"heading.default\">\n\t\t\t\t<div class=\"elementor-widget-container\">\n\t\t\t\t\t<h3 class=\"elementor-heading-title elementor-size-default\">TreeTopia<\/h3>\t\t\t\t<\/div>\n\t\t\t\t<\/div>\n\t\t\t\t<div class=\"elementor-element elementor-element-47aefbc dom-calendar elementor-widget elementor-widget-shortcode\" data-id=\"47aefbc\" data-element_type=\"widget\" data-e-type=\"widget\" data-widget_type=\"shortcode.default\">\n\t\t\t\t<div class=\"elementor-widget-container\">\n\t\t\t\t\t\t\t<div class=\"elementor-shortcode\"><div class=\"r34ics-ajax-container loading\" id=\"dom-treetopia-calendar\" data-view=\"widget-availability\" data-view-is-list-style=\"0\" data-view-is-list-long=\"0\" data-args=\"f0e4ab730b717b151c64a3f320f283f93f32c594\" data-js-args=\"{&quot;debug&quot;:&quot;0&quot;}\">&nbsp;<\/div><\/div>\n\t\t\t\t\t\t<\/div>\n\t\t\t\t<\/div>\n\t\t\t\t<\/div>\n\t\t<div class=\"elementor-element elementor-element-055a0da e-con-full e-flex e-con e-child\" data-id=\"055a0da\" data-element_type=\"container\" data-e-type=\"container\">\n\t\t\t\t<div class=\"elementor-element elementor-element-079c448 elementor-widget elementor-widget-heading\" data-id=\"079c448\" data-element_type=\"widget\" data-e-type=\"widget\" data-widget_type=\"heading.default\">\n\t\t\t\t<div class=\"elementor-widget-container\">\n\t\t\t\t\t<h3 class=\"elementor-heading-title elementor-size-default\">StarLite<\/h3>\t\t\t\t<\/div>\n\t\t\t\t<\/div>\n\t\t\t\t<div class=\"elementor-element elementor-element-c69a358 dom-calendar elementor-widget elementor-widget-shortcode\" data-id=\"c69a358\" data-element_type=\"widget\" data-e-type=\"widget\" data-widget_type=\"shortcode.default\">\n\t\t\t\t<div class=\"elementor-widget-container\">\n\t\t\t\t\t\t\t<div class=\"elementor-shortcode\"><div class=\"r34ics-ajax-container loading\" id=\"ics-calendar-687a7944c47fa\" data-view=\"widget-availability\" data-view-is-list-style=\"0\" data-view-is-list-long=\"0\" data-args=\"0a58d3709f9c35fe3d849b5b4a1b56d3c1cef341\" data-js-args=\"{&quot;debug&quot;:&quot;0&quot;}\">&nbsp;<\/div><\/div>\n\t\t\t\t\t\t<\/div>\n\t\t\t\t<\/div>\n\t\t\t\t<\/div>\n\t\t<div class=\"elementor-element elementor-element-7703556 e-con-full e-flex e-con e-child\" data-id=\"7703556\" data-element_type=\"container\" data-e-type=\"container\">\n\t\t\t\t<div class=\"elementor-element elementor-element-cc7026f elementor-widget elementor-widget-heading\" data-id=\"cc7026f\" data-element_type=\"widget\" data-e-type=\"widget\" data-widget_type=\"heading.default\">\n\t\t\t\t<div class=\"elementor-widget-container\">\n\t\t\t\t\t<h3 class=\"elementor-heading-title elementor-size-default\">HoneyHive<\/h3>\t\t\t\t<\/div>\n\t\t\t\t<\/div>\n\t\t\t\t<div class=\"elementor-element elementor-element-7969778 dom-calendar elementor-widget elementor-widget-shortcode\" data-id=\"7969778\" data-element_type=\"widget\" data-e-type=\"widget\" data-widget_type=\"shortcode.default\">\n\t\t\t\t<div class=\"elementor-widget-container\">\n\t\t\t\t\t\t\t<div class=\"elementor-shortcode\"><div class=\"r34ics-ajax-container loading\" id=\"ics-calendar-687a7a0e69c7d\" data-view=\"widget-availability\" data-view-is-list-style=\"0\" data-view-is-list-long=\"0\" data-args=\"e1bb75f9a0fb668e0e8bf0114a34b5c34c39b312\" data-js-args=\"{&quot;debug&quot;:&quot;0&quot;}\">&nbsp;<\/div><\/div>\n\t\t\t\t\t\t<\/div>\n\t\t\t\t<\/div>\n\t\t\t\t<\/div>\n\t\t<div class=\"elementor-element elementor-element-374f990 e-con-full e-flex e-con e-child\" data-id=\"374f990\" data-element_type=\"container\" data-e-type=\"container\">\n\t\t\t\t<div class=\"elementor-element elementor-element-6cd5164 elementor-widget elementor-widget-heading\" data-id=\"6cd5164\" data-element_type=\"widget\" data-e-type=\"widget\" data-widget_type=\"heading.default\">\n\t\t\t\t<div class=\"elementor-widget-container\">\n\t\t\t\t\t<h3 class=\"elementor-heading-title elementor-size-default\">NestScape<\/h3>\t\t\t\t<\/div>\n\t\t\t\t<\/div>\n\t\t\t\t<div class=\"elementor-element elementor-element-08afa8a dom-calendar elementor-widget elementor-widget-shortcode\" data-id=\"08afa8a\" data-element_type=\"widget\" data-e-type=\"widget\" data-widget_type=\"shortcode.default\">\n\t\t\t\t<div class=\"elementor-widget-container\">\n\t\t\t\t\t\t\t<div class=\"elementor-shortcode\"><div class=\"r34ics-ajax-container loading\" id=\"ics-calendar-687a7ad6b4340\" data-view=\"widget-availability\" data-view-is-list-style=\"0\" data-view-is-list-long=\"0\" data-args=\"7a13a9b883dfe2c0badc27eaeffed116a135ebca\" data-js-args=\"{&quot;debug&quot;:&quot;0&quot;}\">&nbsp;<\/div><\/div>\n\t\t\t\t\t\t<\/div>\n\t\t\t\t<\/div>\n\t\t\t\t<\/div>\n\t\t\t\t\t<\/div>\n\t\t\t\t<\/div>\n\t\t\t\t\t<\/div>\n\t\t\t\t<\/div>\n\t\t<div class=\"elementor-element elementor-element-55b5bf0 e-flex e-con-boxed e-con e-parent\" data-id=\"55b5bf0\" data-element_type=\"container\" data-e-type=\"container\" data-settings=\"{&quot;background_background&quot;:&quot;classic&quot;}\">\n\t\t\t\t\t<div class=\"e-con-inner\">\n\t\t\t\t<div class=\"elementor-element elementor-element-9bb9faa elementor-widget-mobile__width-inherit elementor-widget elementor-widget-heading\" data-id=\"9bb9faa\" data-element_type=\"widget\" data-e-type=\"widget\" data-widget_type=\"heading.default\">\n\t\t\t\t<div class=\"elementor-widget-container\">\n\t\t\t\t\t<h2 class=\"elementor-heading-title elementor-size-default\">La <span class=\"dom-italic\">Glamping definitivo<\/span> Escapada en Dallas<\/h2>\t\t\t\t<\/div>\n\t\t\t\t<\/div>\n\t\t\t\t<div class=\"elementor-element elementor-element-2d68f9c elementor-widget__width-initial elementor-widget-laptop__width-inherit elementor-widget elementor-widget-text-editor\" data-id=\"2d68f9c\" data-element_type=\"widget\" data-e-type=\"widget\" data-widget_type=\"text-editor.default\">\n\t\t\t\t<div class=\"elementor-widget-container\">\n\t\t\t\t\t\t\t\t\tNo tienes que viajar muy lejos para disfrutar de una escapada rom\u00e1ntica y de lujo con tu pareja. Esc\u00e1pate de la ciudad, rel\u00e1jate en la naturaleza y crea recuerdos inolvidables, aqu\u00ed mismo en Dallas.\t\t\t\t\t\t\t\t<\/div>\n\t\t\t\t<\/div>\n\t\t\t\t<div class=\"elementor-element elementor-element-4a8c3e2 elementor-mobile-align-justify elementor-align-center elementor-widget__width-initial elementor-widget elementor-widget-button\" data-id=\"4a8c3e2\" data-element_type=\"widget\" data-e-type=\"widget\" data-widget_type=\"button.default\">\n\t\t\t\t<div class=\"elementor-widget-container\">\n\t\t\t\t\t\t\t\t\t<div class=\"elementor-button-wrapper\">\n\t\t\t\t\t<a class=\"elementor-button elementor-button-link elementor-size-sm\" href=\"\/es\/booking\/\">\n\t\t\t\t\t\t<span class=\"elementor-button-content-wrapper\">\n\t\t\t\t\t\t\t\t\t<span class=\"elementor-button-text\">RESERVAR AHORA<\/span>\n\t\t\t\t\t<\/span>\n\t\t\t\t\t<\/a>\n\t\t\t\t<\/div>\n\t\t\t\t\t\t\t\t<\/div>\n\t\t\t\t<\/div>\n\t\t\t\t\t<\/div>\n\t\t\t\t<\/div>\n\t\t\t\t<\/div>","protected":false},"excerpt":{"rendered":"<p>Availability Calendar TreeTopia StarLite HoneyHive NestScape The Ultimate Glamping Getaway in Dallas You don\u2019t have to travel too far to experience a luxury and romantic getaway with your loved one. Escape the city, unwind in nature, and make unforgettable memories\u2014right here in Dallas. BOOK NOW<\/p>","protected":false},"author":3,"featured_media":0,"parent":0,"menu_order":0,"comment_status":"closed","ping_status":"closed","template":"","meta":{"_acf_changed":false,"footnotes":""},"class_list":["post-11815","page","type-page","status-publish","hentry"],"acf":[],"yoast_head":"<!-- This site is optimized with the Yoast SEO plugin v27.3 - https:\/\/yoast.com\/product\/yoast-seo-wordpress\/ -->\n<title>Luxury Glamping in Dallas, Texas | Domance Glamping<\/title>\n<meta name=\"description\" content=\"Experience luxury glamping in Dallas metro! Domance offers a one-of-a-kind stay in luxurious domes surrounded by serene landscapes &amp; modern comforts. Book now!\" \/>\n<meta name=\"robots\" content=\"index, follow, max-snippet:-1, max-image-preview:large, max-video-preview:-1\" \/>\n<link rel=\"canonical\" href=\"https:\/\/domanceglamping.com\/es\/domance-dallas-tx\/\" \/>\n<meta property=\"og:locale\" content=\"es_ES\" \/>\n<meta property=\"og:type\" content=\"article\" \/>\n<meta property=\"og:title\" content=\"Luxury Glamping in Dallas, Texas | Domance Glamping\" \/>\n<meta property=\"og:description\" content=\"Experience luxury glamping in Dallas metro! Domance offers a one-of-a-kind stay in luxurious domes surrounded by serene landscapes &amp; modern comforts. Book now!\" \/>\n<meta property=\"og:url\" content=\"https:\/\/domanceglamping.com\/es\/domance-dallas-tx\/\" \/>\n<meta property=\"og:site_name\" content=\"Domance Glamping\" \/>\n<meta property=\"article:modified_time\" content=\"2026-03-27T19:16:37+00:00\" \/>\n<meta name=\"twitter:card\" content=\"summary_large_image\" \/>\n<meta name=\"twitter:label1\" content=\"Tiempo de lectura\" \/>\n\t<meta name=\"twitter:data1\" content=\"1 minuto\" \/>\n<script type=\"application\/ld+json\" class=\"yoast-schema-graph\">{\"@context\":\"https:\\\/\\\/schema.org\",\"@graph\":[{\"@type\":\"WebPage\",\"@id\":\"https:\\\/\\\/domanceglamping.com\\\/domance-dallas-tx\\\/\",\"url\":\"https:\\\/\\\/domanceglamping.com\\\/domance-dallas-tx\\\/\",\"name\":\"Luxury Glamping in Dallas, Texas | Domance Glamping\",\"isPartOf\":{\"@id\":\"https:\\\/\\\/domanceglamping.com\\\/#website\"},\"datePublished\":\"2025-05-27T16:30:09+00:00\",\"dateModified\":\"2026-03-27T19:16:37+00:00\",\"description\":\"Experience luxury glamping in Dallas metro! Domance offers a one-of-a-kind stay in luxurious domes surrounded by serene landscapes & modern comforts. Book now!\",\"breadcrumb\":{\"@id\":\"https:\\\/\\\/domanceglamping.com\\\/domance-dallas-tx\\\/#breadcrumb\"},\"inLanguage\":\"es\",\"potentialAction\":[{\"@type\":\"ReadAction\",\"target\":[\"https:\\\/\\\/domanceglamping.com\\\/domance-dallas-tx\\\/\"]}]},{\"@type\":\"BreadcrumbList\",\"@id\":\"https:\\\/\\\/domanceglamping.com\\\/domance-dallas-tx\\\/#breadcrumb\",\"itemListElement\":[{\"@type\":\"ListItem\",\"position\":1,\"name\":\"Home\",\"item\":\"https:\\\/\\\/domanceglamping.com\\\/\"},{\"@type\":\"ListItem\",\"position\":2,\"name\":\"Domance \u2013 Dallas TX\"}]},{\"@type\":\"WebSite\",\"@id\":\"https:\\\/\\\/domanceglamping.com\\\/#website\",\"url\":\"https:\\\/\\\/domanceglamping.com\\\/\",\"name\":\"Domance Glamping\",\"description\":\"\",\"publisher\":{\"@id\":\"https:\\\/\\\/domanceglamping.com\\\/#organization\"},\"potentialAction\":[{\"@type\":\"SearchAction\",\"target\":{\"@type\":\"EntryPoint\",\"urlTemplate\":\"https:\\\/\\\/domanceglamping.com\\\/?s={search_term_string}\"},\"query-input\":{\"@type\":\"PropertyValueSpecification\",\"valueRequired\":true,\"valueName\":\"search_term_string\"}}],\"inLanguage\":\"es\"},{\"@type\":\"Organization\",\"@id\":\"https:\\\/\\\/domanceglamping.com\\\/#organization\",\"name\":\"Domance Glamping\",\"url\":\"https:\\\/\\\/domanceglamping.com\\\/\",\"logo\":{\"@type\":\"ImageObject\",\"inLanguage\":\"es\",\"@id\":\"https:\\\/\\\/domanceglamping.com\\\/#\\\/schema\\\/logo\\\/image\\\/\",\"url\":\"https:\\\/\\\/domanceglamping.com\\\/wp-content\\\/uploads\\\/2024\\\/01\\\/Group-35624.png\",\"contentUrl\":\"https:\\\/\\\/domanceglamping.com\\\/wp-content\\\/uploads\\\/2024\\\/01\\\/Group-35624.png\",\"width\":238,\"height\":248,\"caption\":\"Domance Glamping\"},\"image\":{\"@id\":\"https:\\\/\\\/domanceglamping.com\\\/#\\\/schema\\\/logo\\\/image\\\/\"}}]}<\/script>\n<!-- \/ Yoast SEO plugin. -->","yoast_head_json":{"title":"Luxury Glamping in Dallas, Texas | Domance Glamping","description":"Experience luxury glamping in Dallas metro! Domance offers a one-of-a-kind stay in luxurious domes surrounded by serene landscapes & modern comforts. Book now!","robots":{"index":"index","follow":"follow","max-snippet":"max-snippet:-1","max-image-preview":"max-image-preview:large","max-video-preview":"max-video-preview:-1"},"canonical":"https:\/\/domanceglamping.com\/es\/domance-dallas-tx\/","og_locale":"es_ES","og_type":"article","og_title":"Luxury Glamping in Dallas, Texas | Domance Glamping","og_description":"Experience luxury glamping in Dallas metro! Domance offers a one-of-a-kind stay in luxurious domes surrounded by serene landscapes & modern comforts. Book now!","og_url":"https:\/\/domanceglamping.com\/es\/domance-dallas-tx\/","og_site_name":"Domance Glamping","article_modified_time":"2026-03-27T19:16:37+00:00","twitter_card":"summary_large_image","twitter_misc":{"Tiempo de lectura":"1 minuto"},"schema":{"@context":"https:\/\/schema.org","@graph":[{"@type":"WebPage","@id":"https:\/\/domanceglamping.com\/domance-dallas-tx\/","url":"https:\/\/domanceglamping.com\/domance-dallas-tx\/","name":"Luxury Glamping in Dallas, Texas | Domance Glamping","isPartOf":{"@id":"https:\/\/domanceglamping.com\/#website"},"datePublished":"2025-05-27T16:30:09+00:00","dateModified":"2026-03-27T19:16:37+00:00","description":"Experience luxury glamping in Dallas metro! Domance offers a one-of-a-kind stay in luxurious domes surrounded by serene landscapes & modern comforts. Book now!","breadcrumb":{"@id":"https:\/\/domanceglamping.com\/domance-dallas-tx\/#breadcrumb"},"inLanguage":"es","potentialAction":[{"@type":"ReadAction","target":["https:\/\/domanceglamping.com\/domance-dallas-tx\/"]}]},{"@type":"BreadcrumbList","@id":"https:\/\/domanceglamping.com\/domance-dallas-tx\/#breadcrumb","itemListElement":[{"@type":"ListItem","position":1,"name":"Home","item":"https:\/\/domanceglamping.com\/"},{"@type":"ListItem","position":2,"name":"Domance \u2013 Dallas TX"}]},{"@type":"WebSite","@id":"https:\/\/domanceglamping.com\/#website","url":"https:\/\/domanceglamping.com\/","name":"Domance Glamping","description":"","publisher":{"@id":"https:\/\/domanceglamping.com\/#organization"},"potentialAction":[{"@type":"SearchAction","target":{"@type":"EntryPoint","urlTemplate":"https:\/\/domanceglamping.com\/?s={search_term_string}"},"query-input":{"@type":"PropertyValueSpecification","valueRequired":true,"valueName":"search_term_string"}}],"inLanguage":"es"},{"@type":"Organization","@id":"https:\/\/domanceglamping.com\/#organization","name":"Domance Glamping","url":"https:\/\/domanceglamping.com\/","logo":{"@type":"ImageObject","inLanguage":"es","@id":"https:\/\/domanceglamping.com\/#\/schema\/logo\/image\/","url":"https:\/\/domanceglamping.com\/wp-content\/uploads\/2024\/01\/Group-35624.png","contentUrl":"https:\/\/domanceglamping.com\/wp-content\/uploads\/2024\/01\/Group-35624.png","width":238,"height":248,"caption":"Domance Glamping"},"image":{"@id":"https:\/\/domanceglamping.com\/#\/schema\/logo\/image\/"}}]}},"_links":{"self":[{"href":"https:\/\/domanceglamping.com\/es\/wp-json\/wp\/v2\/pages\/11815","targetHints":{"allow":["GET"]}}],"collection":[{"href":"https:\/\/domanceglamping.com\/es\/wp-json\/wp\/v2\/pages"}],"about":[{"href":"https:\/\/domanceglamping.com\/es\/wp-json\/wp\/v2\/types\/page"}],"author":[{"embeddable":true,"href":"https:\/\/domanceglamping.com\/es\/wp-json\/wp\/v2\/users\/3"}],"replies":[{"embeddable":true,"href":"https:\/\/domanceglamping.com\/es\/wp-json\/wp\/v2\/comments?post=11815"}],"version-history":[{"count":18,"href":"https:\/\/domanceglamping.com\/es\/wp-json\/wp\/v2\/pages\/11815\/revisions"}],"predecessor-version":[{"id":18241,"href":"https:\/\/domanceglamping.com\/es\/wp-json\/wp\/v2\/pages\/11815\/revisions\/18241"}],"wp:attachment":[{"href":"https:\/\/domanceglamping.com\/es\/wp-json\/wp\/v2\/media?parent=11815"}],"curies":[{"name":"wp","href":"https:\/\/api.w.org\/{rel}","templated":true}]}}